{"id":2235,"date":"2020-12-22T23:41:50","date_gmt":"2020-12-22T22:41:50","guid":{"rendered":"http:\/\/sztukaliczenia.net\/fotogaleria\/?page_id=2235"},"modified":"2020-12-23T00:24:21","modified_gmt":"2020-12-22T23:24:21","slug":"architektura","status":"publish","type":"page","link":"https:\/\/sztukaliczenia.net\/fotogaleria\/architektura\/","title":{"rendered":"Architektura"},"content":{"rendered":"<style type=\"text\/css\">\r\n\t#foogallery-gallery-2258 .fg-image {\r\n        width: 150px;\r\n    }\r\n<\/style>\r\n\t\t\t\t<div class=\"foogallery foogallery-container foogallery-default foogallery-lightbox-foobox fg-gutter-10 fg-center fg-default fg-light fg-border-thin fg-shadow-outline fg-loading-default fg-loaded-fade-in fg-hover-fade fg-hover-zoom fg-ready\" id=\"foogallery-gallery-2258\" data-foogallery=\"{&quot;item&quot;:{&quot;showCaptionTitle&quot;:true,&quot;showCaptionDescription&quot;:true},&quot;lazy&quot;:true,&quot;paging&quot;:{&quot;type&quot;:&quot;dots&quot;,&quot;theme&quot;:&quot;fg-light&quot;,&quot;size&quot;:18,&quot;position&quot;:&quot;bottom&quot;,&quot;scrollToTop&quot;:false,&quot;output&quot;:&quot;html&quot;}}\" >\r\n\t<div class=\"fg-item fg-type-image fg-idle\"><figure class=\"fg-item-inner\"><a href=\"https:\/\/sztukaliczenia.net\/fotogaleria\/wp-content\/uploads\/2020\/12\/budowa-1.jpg\" data-caption-title=\"budowa\" data-attachment-id=\"2589\" data-type=\"image\" class=\"fg-thumb\"><span class=\"fg-image-wrap\"><img decoding=\"async\" width=\"150\" height=\"150\" class=\"skip-lazy fg-image\" data-src-fg=\"https:\/\/sztukaliczenia.net\/fotogaleria\/wp-content\/uploads\/2020\/12\/budowa-1.jpg\" src=\"data:image\/svg+xml,%3Csvg%20xmlns%3D%22http%3A%2F%2Fwww.w3.org%2F2000%2Fsvg%22%20width%3D%22150%22%20height%3D%22150%22%20viewBox%3D%220%200%20150%20150%22%3E%3C%2Fsvg%3E\" loading=\"eager\"><\/span><span class=\"fg-image-overlay\"><\/span><\/a><figcaption class=\"fg-caption\"><div class=\"fg-caption-inner\"><div class=\"fg-caption-title\">budowa<\/div><\/div><\/figcaption><\/figure><div class=\"fg-loader\"><\/div><\/div><div class=\"fg-item fg-type-image fg-idle\"><figure class=\"fg-item-inner\"><a href=\"https:\/\/sztukaliczenia.net\/fotogaleria\/wp-content\/uploads\/2020\/12\/DSCF0841a.jpg\" data-caption-desc=\"Stary rynek che\u0142m\u017cy\u0144ski, rok 2005.\" data-caption-title=\"Che\u0142m\u017ca\" data-attachment-id=\"2353\" data-type=\"image\" class=\"fg-thumb\"><span class=\"fg-image-wrap\"><img decoding=\"async\" alt=\"rynek w Che\u0142m\u017cy\" width=\"150\" height=\"150\" class=\"skip-lazy fg-image\" data-src-fg=\"https:\/\/sztukaliczenia.net\/fotogaleria\/wp-content\/uploads\/cache\/2020\/12\/DSCF0841a\/633738638.jpg\" src=\"data:image\/svg+xml,%3Csvg%20xmlns%3D%22http%3A%2F%2Fwww.w3.org%2F2000%2Fsvg%22%20width%3D%22150%22%20height%3D%22150%22%20viewBox%3D%220%200%20150%20150%22%3E%3C%2Fsvg%3E\" loading=\"eager\"><\/span><span class=\"fg-image-overlay\"><\/span><\/a><figcaption class=\"fg-caption\"><div class=\"fg-caption-inner\"><div class=\"fg-caption-title\">Che\u0142m\u017ca<\/div><div class=\"fg-caption-desc\">Stary rynek che\u0142m\u017cy\u0144ski, rok 2005.<\/div><\/div><\/figcaption><\/figure><div class=\"fg-loader\"><\/div><\/div><div class=\"fg-item fg-type-image fg-idle\"><figure class=\"fg-item-inner\"><a href=\"https:\/\/sztukaliczenia.net\/fotogaleria\/wp-content\/uploads\/2020\/12\/DSCF7331a.jpg\" data-caption-desc=\"Fontanna Flisaka z \u017cabami, Stary Rynek w Toruniu, rok 2007.\" data-caption-title=\"Flisak\" data-attachment-id=\"2356\" data-type=\"image\" class=\"fg-thumb\"><span class=\"fg-image-wrap\"><img decoding=\"async\" alt=\"fontanna z flisakiem\" width=\"150\" height=\"150\" class=\"skip-lazy fg-image\" data-src-fg=\"https:\/\/sztukaliczenia.net\/fotogaleria\/wp-content\/uploads\/cache\/2020\/12\/DSCF7331a\/1243596325.jpg\" src=\"data:image\/svg+xml,%3Csvg%20xmlns%3D%22http%3A%2F%2Fwww.w3.org%2F2000%2Fsvg%22%20width%3D%22150%22%20height%3D%22150%22%20viewBox%3D%220%200%20150%20150%22%3E%3C%2Fsvg%3E\" loading=\"eager\"><\/span><span class=\"fg-image-overlay\"><\/span><\/a><figcaption class=\"fg-caption\"><div class=\"fg-caption-inner\"><div class=\"fg-caption-title\">Flisak<\/div><div class=\"fg-caption-desc\">Fontanna Flisaka z \u017cabami, Stary Rynek w Toruniu, rok 2007.<\/div><\/div><\/figcaption><\/figure><div class=\"fg-loader\"><\/div><\/div><div class=\"fg-item fg-type-image fg-idle\"><figure class=\"fg-item-inner\"><a href=\"https:\/\/sztukaliczenia.net\/fotogaleria\/wp-content\/uploads\/2020\/12\/DSCF7329ak.jpg\" data-caption-desc=\"Figura na Starym Rynku w Toruniu, rok 2007.\" data-caption-title=\"Flisak\" data-attachment-id=\"2363\" data-type=\"image\" class=\"fg-thumb\"><span class=\"fg-image-wrap\"><img decoding=\"async\" alt=\"figura flisaka\" width=\"150\" height=\"150\" class=\"skip-lazy fg-image\" data-src-fg=\"https:\/\/sztukaliczenia.net\/fotogaleria\/wp-content\/uploads\/cache\/2020\/12\/DSCF7329ak\/2570997686.jpg\" src=\"data:image\/svg+xml,%3Csvg%20xmlns%3D%22http%3A%2F%2Fwww.w3.org%2F2000%2Fsvg%22%20width%3D%22150%22%20height%3D%22150%22%20viewBox%3D%220%200%20150%20150%22%3E%3C%2Fsvg%3E\" loading=\"eager\"><\/span><span class=\"fg-image-overlay\"><\/span><\/a><figcaption class=\"fg-caption\"><div class=\"fg-caption-inner\"><div class=\"fg-caption-title\">Flisak<\/div><div class=\"fg-caption-desc\">Figura na Starym Rynku w Toruniu, rok 2007.<\/div><\/div><\/figcaption><\/figure><div class=\"fg-loader\"><\/div><\/div><div class=\"fg-item fg-type-image fg-idle\"><figure class=\"fg-item-inner\"><a href=\"https:\/\/sztukaliczenia.net\/fotogaleria\/wp-content\/uploads\/2020\/12\/DSCF0832a.jpg\" data-caption-desc=\"Che\u0142m\u017ca, rok 2005.\" data-caption-title=\"Fontanna\" data-attachment-id=\"2355\" data-type=\"image\" class=\"fg-thumb\"><span class=\"fg-image-wrap\"><img decoding=\"async\" alt=\"fontanna\" width=\"150\" height=\"150\" class=\"skip-lazy fg-image\" data-src-fg=\"https:\/\/sztukaliczenia.net\/fotogaleria\/wp-content\/uploads\/cache\/2020\/12\/DSCF0832a\/3681487843.jpg\" src=\"data:image\/svg+xml,%3Csvg%20xmlns%3D%22http%3A%2F%2Fwww.w3.org%2F2000%2Fsvg%22%20width%3D%22150%22%20height%3D%22150%22%20viewBox%3D%220%200%20150%20150%22%3E%3C%2Fsvg%3E\" loading=\"eager\"><\/span><span class=\"fg-image-overlay\"><\/span><\/a><figcaption class=\"fg-caption\"><div class=\"fg-caption-inner\"><div class=\"fg-caption-title\">Fontanna<\/div><div class=\"fg-caption-desc\">Che\u0142m\u017ca, rok 2005.<\/div><\/div><\/figcaption><\/figure><div class=\"fg-loader\"><\/div><\/div><div class=\"fg-item fg-type-image fg-idle\"><figure class=\"fg-item-inner\"><a href=\"https:\/\/sztukaliczenia.net\/fotogaleria\/wp-content\/uploads\/2020\/12\/DSCF7325ak.jpg\" data-caption-desc=\"Stary Rynek w Toruniu, rok 2007.\" data-caption-title=\"Miko\u0142aj Kopernik\" data-attachment-id=\"2360\" data-type=\"image\" class=\"fg-thumb\"><span class=\"fg-image-wrap\"><img decoding=\"async\" alt=\"pomnik Kopernika\" width=\"150\" height=\"150\" class=\"skip-lazy fg-image\" data-src-fg=\"https:\/\/sztukaliczenia.net\/fotogaleria\/wp-content\/uploads\/cache\/2020\/12\/DSCF7325ak\/373465381.jpg\" src=\"data:image\/svg+xml,%3Csvg%20xmlns%3D%22http%3A%2F%2Fwww.w3.org%2F2000%2Fsvg%22%20width%3D%22150%22%20height%3D%22150%22%20viewBox%3D%220%200%20150%20150%22%3E%3C%2Fsvg%3E\" loading=\"eager\"><\/span><span class=\"fg-image-overlay\"><\/span><\/a><figcaption class=\"fg-caption\"><div class=\"fg-caption-inner\"><div class=\"fg-caption-title\">Miko\u0142aj Kopernik<\/div><div class=\"fg-caption-desc\">Stary Rynek w Toruniu, rok 2007.<\/div><\/div><\/figcaption><\/figure><div class=\"fg-loader\"><\/div><\/div><div class=\"fg-item fg-type-image fg-idle\"><figure class=\"fg-item-inner\"><a href=\"https:\/\/sztukaliczenia.net\/fotogaleria\/wp-content\/uploads\/2020\/12\/02160030a.jpg\" data-caption-desc=\"Most kolejowy w Toruniu, rok 2003.\" data-caption-title=\"Most\" data-attachment-id=\"2352\" data-type=\"image\" class=\"fg-thumb\"><span class=\"fg-image-wrap\"><img decoding=\"async\" alt=\"most\" width=\"150\" height=\"150\" class=\"skip-lazy fg-image\" data-src-fg=\"https:\/\/sztukaliczenia.net\/fotogaleria\/wp-content\/uploads\/cache\/2020\/12\/02160030a\/3358136719.jpg\" src=\"data:image\/svg+xml,%3Csvg%20xmlns%3D%22http%3A%2F%2Fwww.w3.org%2F2000%2Fsvg%22%20width%3D%22150%22%20height%3D%22150%22%20viewBox%3D%220%200%20150%20150%22%3E%3C%2Fsvg%3E\" loading=\"eager\"><\/span><span class=\"fg-image-overlay\"><\/span><\/a><figcaption class=\"fg-caption\"><div class=\"fg-caption-inner\"><div class=\"fg-caption-title\">Most<\/div><div class=\"fg-caption-desc\">Most kolejowy w Toruniu, rok 2003.<\/div><\/div><\/figcaption><\/figure><div class=\"fg-loader\"><\/div><\/div><div class=\"fg-item fg-type-image fg-idle\"><figure class=\"fg-item-inner\"><a href=\"https:\/\/sztukaliczenia.net\/fotogaleria\/wp-content\/uploads\/2020\/12\/DSCF7328ap.jpg\" data-caption-desc=\"Stary Rynek w Toruniu, rok 2007.\" data-caption-title=\"Pomnik Kopernika\" data-attachment-id=\"2362\" data-type=\"image\" class=\"fg-thumb\"><span class=\"fg-image-wrap\"><img decoding=\"async\" alt=\"pomnik Kopernika\" width=\"150\" height=\"150\" class=\"skip-lazy fg-image\" data-src-fg=\"https:\/\/sztukaliczenia.net\/fotogaleria\/wp-content\/uploads\/cache\/2020\/12\/DSCF7328ap\/605221886.jpg\" src=\"data:image\/svg+xml,%3Csvg%20xmlns%3D%22http%3A%2F%2Fwww.w3.org%2F2000%2Fsvg%22%20width%3D%22150%22%20height%3D%22150%22%20viewBox%3D%220%200%20150%20150%22%3E%3C%2Fsvg%3E\" loading=\"eager\"><\/span><span class=\"fg-image-overlay\"><\/span><\/a><figcaption class=\"fg-caption\"><div class=\"fg-caption-inner\"><div class=\"fg-caption-title\">Pomnik Kopernika<\/div><div class=\"fg-caption-desc\">Stary Rynek w Toruniu, rok 2007.<\/div><\/div><\/figcaption><\/figure><div class=\"fg-loader\"><\/div><\/div><div class=\"fg-item fg-type-image fg-idle\"><figure class=\"fg-item-inner\"><a href=\"https:\/\/sztukaliczenia.net\/fotogaleria\/wp-content\/uploads\/2020\/12\/DSCF7326akp.jpg\" data-caption-desc=\"Stary Rynek w Toruniu, rok 2007.\" data-caption-title=\"Ratusz\" data-attachment-id=\"2361\" data-type=\"image\" class=\"fg-thumb\"><span class=\"fg-image-wrap\"><img decoding=\"async\" alt=\"ratusz w Toruniu\" width=\"150\" height=\"150\" class=\"skip-lazy fg-image\" data-src-fg=\"https:\/\/sztukaliczenia.net\/fotogaleria\/wp-content\/uploads\/cache\/2020\/12\/DSCF7326akp\/2199344543.jpg\" src=\"data:image\/svg+xml,%3Csvg%20xmlns%3D%22http%3A%2F%2Fwww.w3.org%2F2000%2Fsvg%22%20width%3D%22150%22%20height%3D%22150%22%20viewBox%3D%220%200%20150%20150%22%3E%3C%2Fsvg%3E\" loading=\"eager\"><\/span><span class=\"fg-image-overlay\"><\/span><\/a><figcaption class=\"fg-caption\"><div class=\"fg-caption-inner\"><div class=\"fg-caption-title\">Ratusz<\/div><div class=\"fg-caption-desc\">Stary Rynek w Toruniu, rok 2007.<\/div><\/div><\/figcaption><\/figure><div class=\"fg-loader\"><\/div><\/div><div class=\"fg-item fg-type-image fg-idle\"><figure class=\"fg-item-inner\"><a href=\"https:\/\/sztukaliczenia.net\/fotogaleria\/wp-content\/uploads\/2020\/12\/DSCF7322ap.jpg\" data-caption-desc=\"Stare miasto w Toruniu, rok 2007.\" data-caption-title=\"Ruiny\" data-attachment-id=\"2358\" data-type=\"image\" class=\"fg-thumb\"><span class=\"fg-image-wrap\"><img decoding=\"async\" alt=\"zniszczona kamienica\" width=\"150\" height=\"150\" class=\"skip-lazy fg-image\" data-src-fg=\"https:\/\/sztukaliczenia.net\/fotogaleria\/wp-content\/uploads\/cache\/2020\/12\/DSCF7322ap\/2579588908.jpg\" src=\"data:image\/svg+xml,%3Csvg%20xmlns%3D%22http%3A%2F%2Fwww.w3.org%2F2000%2Fsvg%22%20width%3D%22150%22%20height%3D%22150%22%20viewBox%3D%220%200%20150%20150%22%3E%3C%2Fsvg%3E\" loading=\"eager\"><\/span><span class=\"fg-image-overlay\"><\/span><\/a><figcaption class=\"fg-caption\"><div class=\"fg-caption-inner\"><div class=\"fg-caption-title\">Ruiny<\/div><div class=\"fg-caption-desc\">Stare miasto w Toruniu, rok 2007.<\/div><\/div><\/figcaption><\/figure><div class=\"fg-loader\"><\/div><\/div><div class=\"fg-item fg-type-image fg-idle\"><figure class=\"fg-item-inner\"><a href=\"https:\/\/sztukaliczenia.net\/fotogaleria\/wp-content\/uploads\/2020\/12\/DSCF7323ap.jpg\" data-caption-desc=\"Ruiny na starym mie\u015bcie w Toruniu, rok 2007.\" data-caption-title=\"Ruiny\" data-attachment-id=\"2359\" data-type=\"image\" class=\"fg-thumb\"><span class=\"fg-image-wrap\"><img decoding=\"async\" alt=\"ruiny\" width=\"150\" height=\"150\" class=\"skip-lazy fg-image\" data-src-fg=\"https:\/\/sztukaliczenia.net\/fotogaleria\/wp-content\/uploads\/cache\/2020\/12\/DSCF7323ap\/87881241.jpg\" src=\"data:image\/svg+xml,%3Csvg%20xmlns%3D%22http%3A%2F%2Fwww.w3.org%2F2000%2Fsvg%22%20width%3D%22150%22%20height%3D%22150%22%20viewBox%3D%220%200%20150%20150%22%3E%3C%2Fsvg%3E\" loading=\"eager\"><\/span><span class=\"fg-image-overlay\"><\/span><\/a><figcaption class=\"fg-caption\"><div class=\"fg-caption-inner\"><div class=\"fg-caption-title\">Ruiny<\/div><div class=\"fg-caption-desc\">Ruiny na starym mie\u015bcie w Toruniu, rok 2007.<\/div><\/div><\/figcaption><\/figure><div class=\"fg-loader\"><\/div><\/div><div class=\"fg-item fg-type-image fg-idle\"><figure class=\"fg-item-inner\"><a href=\"https:\/\/sztukaliczenia.net\/fotogaleria\/wp-content\/uploads\/2020\/12\/DSCF1033ap.jpg\" data-caption-desc=\"Okolice ruin zamku toru\u0144skiego, rok 2005.\" data-caption-title=\"Stare miasto\" data-attachment-id=\"2354\" data-type=\"image\" class=\"fg-thumb\"><span class=\"fg-image-wrap\"><img decoding=\"async\" alt=\"stare miasto\" width=\"150\" height=\"150\" class=\"skip-lazy fg-image\" data-src-fg=\"https:\/\/sztukaliczenia.net\/fotogaleria\/wp-content\/uploads\/cache\/2020\/12\/DSCF1033ap\/1483074632.jpg\" src=\"data:image\/svg+xml,%3Csvg%20xmlns%3D%22http%3A%2F%2Fwww.w3.org%2F2000%2Fsvg%22%20width%3D%22150%22%20height%3D%22150%22%20viewBox%3D%220%200%20150%20150%22%3E%3C%2Fsvg%3E\" loading=\"eager\"><\/span><span class=\"fg-image-overlay\"><\/span><\/a><figcaption class=\"fg-caption\"><div class=\"fg-caption-inner\"><div class=\"fg-caption-title\">Stare miasto<\/div><div class=\"fg-caption-desc\">Okolice ruin zamku toru\u0144skiego, rok 2005.<\/div><\/div><\/figcaption><\/figure><div class=\"fg-loader\"><\/div><\/div><div class=\"fg-item fg-type-image fg-idle\"><figure class=\"fg-item-inner\"><a href=\"https:\/\/sztukaliczenia.net\/fotogaleria\/wp-content\/uploads\/2020\/12\/DSCF7333a.jpg\" data-caption-desc=\"Fontanna przy Flisaku w Toruniu, rok 2007.\" data-caption-title=\"\u017baba\" data-attachment-id=\"2357\" data-type=\"image\" class=\"fg-thumb\"><span class=\"fg-image-wrap\"><img decoding=\"async\" alt=\"fontanna z zab\u0105\" width=\"150\" height=\"150\" class=\"skip-lazy fg-image\" data-src-fg=\"https:\/\/sztukaliczenia.net\/fotogaleria\/wp-content\/uploads\/cache\/2020\/12\/DSCF7333a\/2265277988.jpg\" src=\"data:image\/svg+xml,%3Csvg%20xmlns%3D%22http%3A%2F%2Fwww.w3.org%2F2000%2Fsvg%22%20width%3D%22150%22%20height%3D%22150%22%20viewBox%3D%220%200%20150%20150%22%3E%3C%2Fsvg%3E\" loading=\"eager\"><\/span><span class=\"fg-image-overlay\"><\/span><\/a><figcaption class=\"fg-caption\"><div class=\"fg-caption-inner\"><div class=\"fg-caption-title\">\u017baba<\/div><div class=\"fg-caption-desc\">Fontanna przy Flisaku w Toruniu, rok 2007.<\/div><\/div><\/figcaption><\/figure><div class=\"fg-loader\"><\/div><\/div><\/div>\r\n\n","protected":false},"excerpt":{"rendered":"","protected":false},"author":1,"featured_media":0,"parent":0,"menu_order":0,"comment_status":"closed","ping_status":"closed","template":"","meta":{"footnotes":""},"class_list":["post-2235","page","type-page","status-publish"],"_links":{"self":[{"href":"https:\/\/sztukaliczenia.net\/fotogaleria\/wp-json\/wp\/v2\/pages\/2235","targetHints":{"allow":["GET"]}}],"collection":[{"href":"https:\/\/sztukaliczenia.net\/fotogaleria\/wp-json\/wp\/v2\/pages"}],"about":[{"href":"https:\/\/sztukaliczenia.net\/fotogaleria\/wp-json\/wp\/v2\/types\/page"}],"author":[{"embeddable":true,"href":"https:\/\/sztukaliczenia.net\/fotogaleria\/wp-json\/wp\/v2\/users\/1"}],"replies":[{"embeddable":true,"href":"https:\/\/sztukaliczenia.net\/fotogaleria\/wp-json\/wp\/v2\/comments?post=2235"}],"version-history":[{"count":2,"href":"https:\/\/sztukaliczenia.net\/fotogaleria\/wp-json\/wp\/v2\/pages\/2235\/revisions"}],"predecessor-version":[{"id":2263,"href":"https:\/\/sztukaliczenia.net\/fotogaleria\/wp-json\/wp\/v2\/pages\/2235\/revisions\/2263"}],"wp:attachment":[{"href":"https:\/\/sztukaliczenia.net\/fotogaleria\/wp-json\/wp\/v2\/media?parent=2235"}],"curies":[{"name":"wp","href":"https:\/\/api.w.org\/{rel}","templated":true}]}}