{"id":2237,"date":"2020-12-22T23:43:55","date_gmt":"2020-12-22T22:43:55","guid":{"rendered":"http:\/\/sztukaliczenia.net\/fotogaleria\/?page_id=2237"},"modified":"2020-12-23T00:24:54","modified_gmt":"2020-12-22T23:24:54","slug":"reportaz","status":"publish","type":"page","link":"https:\/\/sztukaliczenia.net\/fotogaleria\/reportaz\/","title":{"rendered":"Reporta\u017c"},"content":{"rendered":"<style type=\"text\/css\">\r\n\t#foogallery-gallery-2259 .fg-image {\r\n        width: 150px;\r\n    }\r\n<\/style>\r\n\t\t\t\t<div class=\"foogallery foogallery-container foogallery-default foogallery-lightbox-foobox fg-gutter-10 fg-center fg-default fg-light fg-border-thin fg-shadow-outline fg-loading-default fg-loaded-fade-in fg-hover-fade fg-hover-zoom fg-ready\" id=\"foogallery-gallery-2259\" data-foogallery=\"{&quot;item&quot;:{&quot;showCaptionTitle&quot;:true,&quot;showCaptionDescription&quot;:true},&quot;lazy&quot;:true,&quot;paging&quot;:{&quot;type&quot;:&quot;dots&quot;,&quot;theme&quot;:&quot;fg-light&quot;,&quot;size&quot;:18,&quot;position&quot;:&quot;bottom&quot;,&quot;scrollToTop&quot;:false,&quot;output&quot;:&quot;html&quot;}}\" >\r\n\t<div class=\"fg-item fg-type-image fg-idle\"><figure class=\"fg-item-inner\"><a href=\"https:\/\/sztukaliczenia.net\/fotogaleria\/wp-content\/uploads\/2020\/12\/budowa-1.jpg\" data-caption-title=\"budowa\" data-attachment-id=\"2589\" data-type=\"image\" class=\"fg-thumb\"><span class=\"fg-image-wrap\"><img decoding=\"async\" width=\"150\" height=\"150\" class=\"skip-lazy fg-image\" data-src-fg=\"https:\/\/sztukaliczenia.net\/fotogaleria\/wp-content\/uploads\/2020\/12\/budowa-1.jpg\" src=\"data:image\/svg+xml,%3Csvg%20xmlns%3D%22http%3A%2F%2Fwww.w3.org%2F2000%2Fsvg%22%20width%3D%22150%22%20height%3D%22150%22%20viewBox%3D%220%200%20150%20150%22%3E%3C%2Fsvg%3E\" loading=\"eager\"><\/span><span class=\"fg-image-overlay\"><\/span><\/a><figcaption class=\"fg-caption\"><div class=\"fg-caption-inner\"><div class=\"fg-caption-title\">budowa<\/div><\/div><\/figcaption><\/figure><div class=\"fg-loader\"><\/div><\/div><div class=\"fg-item fg-type-image fg-idle\"><figure class=\"fg-item-inner\"><a href=\"https:\/\/sztukaliczenia.net\/fotogaleria\/wp-content\/uploads\/2020\/12\/DSCF0522kw.jpg\" data-caption-desc=\"Ogr\u00f3d zoobotaniczny w Toruniu, rok 2005.\" data-caption-title=\"Clown\" data-attachment-id=\"2377\" data-type=\"image\" class=\"fg-thumb\"><span class=\"fg-image-wrap\"><img decoding=\"async\" alt=\"clown puszcza banki mydlane\" width=\"150\" height=\"150\" class=\"skip-lazy fg-image\" data-src-fg=\"https:\/\/sztukaliczenia.net\/fotogaleria\/wp-content\/uploads\/cache\/2020\/12\/DSCF0522kw\/945896857.jpg\" src=\"data:image\/svg+xml,%3Csvg%20xmlns%3D%22http%3A%2F%2Fwww.w3.org%2F2000%2Fsvg%22%20width%3D%22150%22%20height%3D%22150%22%20viewBox%3D%220%200%20150%20150%22%3E%3C%2Fsvg%3E\" loading=\"eager\"><\/span><span class=\"fg-image-overlay\"><\/span><\/a><figcaption class=\"fg-caption\"><div class=\"fg-caption-inner\"><div class=\"fg-caption-title\">Clown<\/div><div class=\"fg-caption-desc\">Ogr\u00f3d zoobotaniczny w Toruniu, rok 2005.<\/div><\/div><\/figcaption><\/figure><div class=\"fg-loader\"><\/div><\/div><div class=\"fg-item fg-type-image fg-idle\"><figure class=\"fg-item-inner\"><a href=\"https:\/\/sztukaliczenia.net\/fotogaleria\/wp-content\/uploads\/2020\/12\/DSCF2889aw.jpg\" data-caption-desc=\"Cyrk na toru\u0144skim Rubinkowie, rok 2006.\" data-caption-title=\"Cyrk\" data-attachment-id=\"2389\" data-type=\"image\" class=\"fg-thumb\"><span class=\"fg-image-wrap\"><img decoding=\"async\" alt=\"cyrk\" width=\"150\" height=\"150\" class=\"skip-lazy fg-image\" data-src-fg=\"https:\/\/sztukaliczenia.net\/fotogaleria\/wp-content\/uploads\/cache\/2020\/12\/DSCF2889aw\/2712797114.jpg\" src=\"data:image\/svg+xml,%3Csvg%20xmlns%3D%22http%3A%2F%2Fwww.w3.org%2F2000%2Fsvg%22%20width%3D%22150%22%20height%3D%22150%22%20viewBox%3D%220%200%20150%20150%22%3E%3C%2Fsvg%3E\" loading=\"eager\"><\/span><span class=\"fg-image-overlay\"><\/span><\/a><figcaption class=\"fg-caption\"><div class=\"fg-caption-inner\"><div class=\"fg-caption-title\">Cyrk<\/div><div class=\"fg-caption-desc\">Cyrk na toru\u0144skim Rubinkowie, rok 2006.<\/div><\/div><\/figcaption><\/figure><div class=\"fg-loader\"><\/div><\/div><div class=\"fg-item fg-type-image fg-idle\"><figure class=\"fg-item-inner\"><a href=\"https:\/\/sztukaliczenia.net\/fotogaleria\/wp-content\/uploads\/2020\/12\/DSCF4148aw.jpg\" data-caption-desc=\"Koledzy Zielono\u015bwi\u0105dkowcy, Toru\u0144 rok 2006.\" data-caption-title=\"Ludzie wiary\" data-attachment-id=\"2378\" data-type=\"image\" class=\"fg-thumb\"><span class=\"fg-image-wrap\"><img decoding=\"async\" alt=\"zielonoswiadkowcy z afiszem\" width=\"150\" height=\"150\" class=\"skip-lazy fg-image\" data-src-fg=\"https:\/\/sztukaliczenia.net\/fotogaleria\/wp-content\/uploads\/cache\/2020\/12\/DSCF4148aw\/1018462414.jpg\" src=\"data:image\/svg+xml,%3Csvg%20xmlns%3D%22http%3A%2F%2Fwww.w3.org%2F2000%2Fsvg%22%20width%3D%22150%22%20height%3D%22150%22%20viewBox%3D%220%200%20150%20150%22%3E%3C%2Fsvg%3E\" loading=\"eager\"><\/span><span class=\"fg-image-overlay\"><\/span><\/a><figcaption class=\"fg-caption\"><div class=\"fg-caption-inner\"><div class=\"fg-caption-title\">Ludzie wiary<\/div><div class=\"fg-caption-desc\">Koledzy Zielono\u015bwi\u0105dkowcy, Toru\u0144 rok 2006.<\/div><\/div><\/figcaption><\/figure><div class=\"fg-loader\"><\/div><\/div><div class=\"fg-item fg-type-image fg-idle\"><figure class=\"fg-item-inner\"><a href=\"https:\/\/sztukaliczenia.net\/fotogaleria\/wp-content\/uploads\/2020\/12\/08040003pkw.jpg\" data-caption-desc=\"Chwil\u0119 przed lotem, toru\u0144skie lotnisko, rok 2002.\" data-caption-title=\"Model\" data-attachment-id=\"2365\" data-type=\"image\" class=\"fg-thumb\"><span class=\"fg-image-wrap\"><img decoding=\"async\" alt=\"model samolotu\" width=\"150\" height=\"150\" class=\"skip-lazy fg-image\" data-src-fg=\"https:\/\/sztukaliczenia.net\/fotogaleria\/wp-content\/uploads\/cache\/2020\/12\/08040003pkw\/4131204647.jpg\" src=\"data:image\/svg+xml,%3Csvg%20xmlns%3D%22http%3A%2F%2Fwww.w3.org%2F2000%2Fsvg%22%20width%3D%22150%22%20height%3D%22150%22%20viewBox%3D%220%200%20150%20150%22%3E%3C%2Fsvg%3E\" loading=\"eager\"><\/span><span class=\"fg-image-overlay\"><\/span><\/a><figcaption class=\"fg-caption\"><div class=\"fg-caption-inner\"><div class=\"fg-caption-title\">Model<\/div><div class=\"fg-caption-desc\">Chwil\u0119 przed lotem, toru\u0144skie lotnisko, rok 2002.<\/div><\/div><\/figcaption><\/figure><div class=\"fg-loader\"><\/div><\/div><div class=\"fg-item fg-type-image fg-idle\"><figure class=\"fg-item-inner\"><a href=\"https:\/\/sztukaliczenia.net\/fotogaleria\/wp-content\/uploads\/2020\/12\/06270020kw.jpg\" data-caption-desc=\"Pogrzeb anonimowy, rok 2002.\" data-caption-title=\"Pogrzeb\" data-attachment-id=\"2367\" data-type=\"image\" class=\"fg-thumb\"><span class=\"fg-image-wrap\"><img decoding=\"async\" alt=\"pogrzeb\" width=\"150\" height=\"150\" class=\"skip-lazy fg-image\" data-src-fg=\"https:\/\/sztukaliczenia.net\/fotogaleria\/wp-content\/uploads\/cache\/2020\/12\/06270020kw\/2952107676.jpg\" src=\"data:image\/svg+xml,%3Csvg%20xmlns%3D%22http%3A%2F%2Fwww.w3.org%2F2000%2Fsvg%22%20width%3D%22150%22%20height%3D%22150%22%20viewBox%3D%220%200%20150%20150%22%3E%3C%2Fsvg%3E\" loading=\"eager\"><\/span><span class=\"fg-image-overlay\"><\/span><\/a><figcaption class=\"fg-caption\"><div class=\"fg-caption-inner\"><div class=\"fg-caption-title\">Pogrzeb<\/div><div class=\"fg-caption-desc\">Pogrzeb anonimowy, rok 2002.<\/div><\/div><\/figcaption><\/figure><div class=\"fg-loader\"><\/div><\/div><div class=\"fg-item fg-type-image fg-idle\"><figure class=\"fg-item-inner\"><a href=\"https:\/\/sztukaliczenia.net\/fotogaleria\/wp-content\/uploads\/2020\/12\/03080070a.jpg\" data-caption-desc=\"Wielka \u0141\u0105ka, 8 marca 2003 r.\" data-caption-title=\"Pogrzeb Babci\" data-attachment-id=\"2371\" data-type=\"image\" class=\"fg-thumb\"><span class=\"fg-image-wrap\"><img decoding=\"async\" alt=\"pogrzeb Babci\" width=\"150\" height=\"150\" class=\"skip-lazy fg-image\" data-src-fg=\"https:\/\/sztukaliczenia.net\/fotogaleria\/wp-content\/uploads\/cache\/2020\/12\/03080070a\/3986896466.jpg\" src=\"data:image\/svg+xml,%3Csvg%20xmlns%3D%22http%3A%2F%2Fwww.w3.org%2F2000%2Fsvg%22%20width%3D%22150%22%20height%3D%22150%22%20viewBox%3D%220%200%20150%20150%22%3E%3C%2Fsvg%3E\" loading=\"eager\"><\/span><span class=\"fg-image-overlay\"><\/span><\/a><figcaption class=\"fg-caption\"><div class=\"fg-caption-inner\"><div class=\"fg-caption-title\">Pogrzeb Babci<\/div><div class=\"fg-caption-desc\">Wielka \u0141\u0105ka, 8 marca 2003 r.<\/div><\/div><\/figcaption><\/figure><div class=\"fg-loader\"><\/div><\/div><div class=\"fg-item fg-type-image fg-idle\"><figure class=\"fg-item-inner\"><a href=\"https:\/\/sztukaliczenia.net\/fotogaleria\/wp-content\/uploads\/2020\/12\/03080074akw.jpg\" data-caption-desc=\"Wielka \u0141\u0105ka, 8 marca 2003 r.\" data-caption-title=\"Pogrzeb Babci\" data-attachment-id=\"2372\" data-type=\"image\" class=\"fg-thumb\"><span class=\"fg-image-wrap\"><img decoding=\"async\" alt=\"pogrzeb\" width=\"150\" height=\"150\" class=\"skip-lazy fg-image\" data-src-fg=\"https:\/\/sztukaliczenia.net\/fotogaleria\/wp-content\/uploads\/cache\/2020\/12\/03080074akw\/2107018025.jpg\" src=\"data:image\/svg+xml,%3Csvg%20xmlns%3D%22http%3A%2F%2Fwww.w3.org%2F2000%2Fsvg%22%20width%3D%22150%22%20height%3D%22150%22%20viewBox%3D%220%200%20150%20150%22%3E%3C%2Fsvg%3E\" loading=\"eager\"><\/span><span class=\"fg-image-overlay\"><\/span><\/a><figcaption class=\"fg-caption\"><div class=\"fg-caption-inner\"><div class=\"fg-caption-title\">Pogrzeb Babci<\/div><div class=\"fg-caption-desc\">Wielka \u0141\u0105ka, 8 marca 2003 r.<\/div><\/div><\/figcaption><\/figure><div class=\"fg-loader\"><\/div><\/div><div class=\"fg-item fg-type-image fg-idle\"><figure class=\"fg-item-inner\"><a href=\"https:\/\/sztukaliczenia.net\/fotogaleria\/wp-content\/uploads\/2020\/12\/DSCF0539kw.jpg\" data-caption-desc=\"Ogr\u00f3d zoobotaniczny w Toruniu, rok 2005.\" data-caption-title=\"Prawda\" data-attachment-id=\"2376\" data-type=\"image\" class=\"fg-thumb\"><span class=\"fg-image-wrap\"><img decoding=\"async\" alt=\"tabliczka informacyjna\" width=\"150\" height=\"150\" class=\"skip-lazy fg-image\" data-src-fg=\"https:\/\/sztukaliczenia.net\/fotogaleria\/wp-content\/uploads\/cache\/2020\/12\/DSCF0539kw\/1915806629.jpg\" src=\"data:image\/svg+xml,%3Csvg%20xmlns%3D%22http%3A%2F%2Fwww.w3.org%2F2000%2Fsvg%22%20width%3D%22150%22%20height%3D%22150%22%20viewBox%3D%220%200%20150%20150%22%3E%3C%2Fsvg%3E\" loading=\"eager\"><\/span><span class=\"fg-image-overlay\"><\/span><\/a><figcaption class=\"fg-caption\"><div class=\"fg-caption-inner\"><div class=\"fg-caption-title\">Prawda<\/div><div class=\"fg-caption-desc\">Ogr\u00f3d zoobotaniczny w Toruniu, rok 2005.<\/div><\/div><\/figcaption><\/figure><div class=\"fg-loader\"><\/div><\/div><div class=\"fg-item fg-type-image fg-idle\"><figure class=\"fg-item-inner\"><a href=\"https:\/\/sztukaliczenia.net\/fotogaleria\/wp-content\/uploads\/2020\/12\/06010024a.jpg\" data-caption-desc=\"Okolice Torunia, rok 2003.\" data-caption-title=\"Security\" data-attachment-id=\"2370\" data-type=\"image\" class=\"fg-thumb\"><span class=\"fg-image-wrap\"><img decoding=\"async\" alt=\"tablica ostrzegawcza\" width=\"150\" height=\"150\" class=\"skip-lazy fg-image\" data-src-fg=\"https:\/\/sztukaliczenia.net\/fotogaleria\/wp-content\/uploads\/cache\/2020\/12\/06010024a\/26775806.jpg\" src=\"data:image\/svg+xml,%3Csvg%20xmlns%3D%22http%3A%2F%2Fwww.w3.org%2F2000%2Fsvg%22%20width%3D%22150%22%20height%3D%22150%22%20viewBox%3D%220%200%20150%20150%22%3E%3C%2Fsvg%3E\" loading=\"eager\"><\/span><span class=\"fg-image-overlay\"><\/span><\/a><figcaption class=\"fg-caption\"><div class=\"fg-caption-inner\"><div class=\"fg-caption-title\">Security<\/div><div class=\"fg-caption-desc\">Okolice Torunia, rok 2003.<\/div><\/div><\/figcaption><\/figure><div class=\"fg-loader\"><\/div><\/div><div class=\"fg-item fg-type-image fg-idle\"><figure class=\"fg-item-inner\"><a href=\"https:\/\/sztukaliczenia.net\/fotogaleria\/wp-content\/uploads\/2020\/12\/DSCF4691a.jpg\" data-caption-desc=\"Moja Mazda na drzewie, Toru\u0144 rok 2006 :(\" data-caption-title=\"Wypadek\" data-attachment-id=\"2379\" data-type=\"image\" class=\"fg-thumb\"><span class=\"fg-image-wrap\"><img decoding=\"async\" alt=\"samochod na drzewie\" width=\"150\" height=\"150\" class=\"skip-lazy fg-image\" data-src-fg=\"https:\/\/sztukaliczenia.net\/fotogaleria\/wp-content\/uploads\/cache\/2020\/12\/DSCF4691a\/3799507573.jpg\" src=\"data:image\/svg+xml,%3Csvg%20xmlns%3D%22http%3A%2F%2Fwww.w3.org%2F2000%2Fsvg%22%20width%3D%22150%22%20height%3D%22150%22%20viewBox%3D%220%200%20150%20150%22%3E%3C%2Fsvg%3E\" loading=\"eager\"><\/span><span class=\"fg-image-overlay\"><\/span><\/a><figcaption class=\"fg-caption\"><div class=\"fg-caption-inner\"><div class=\"fg-caption-title\">Wypadek<\/div><div class=\"fg-caption-desc\">Moja Mazda na drzewie, Toru\u0144 rok 2006 \ud83d\ude41<\/div><\/div><\/figcaption><\/figure><div class=\"fg-loader\"><\/div><\/div><div class=\"fg-item fg-type-image fg-idle\"><figure class=\"fg-item-inner\"><a href=\"https:\/\/sztukaliczenia.net\/fotogaleria\/wp-content\/uploads\/2020\/12\/DSCF5472a.jpg\" data-caption-desc=\"Tour de Pologne w Toruniu, rok 2006.\" data-caption-title=\"Wy\u015bcig\" data-attachment-id=\"2380\" data-type=\"image\" class=\"fg-thumb\"><span class=\"fg-image-wrap\"><img decoding=\"async\" alt=\"wyscig Tour de Pologne\" width=\"150\" height=\"150\" class=\"skip-lazy fg-image\" data-src-fg=\"https:\/\/sztukaliczenia.net\/fotogaleria\/wp-content\/uploads\/cache\/2020\/12\/DSCF5472a\/979759804.jpg\" src=\"data:image\/svg+xml,%3Csvg%20xmlns%3D%22http%3A%2F%2Fwww.w3.org%2F2000%2Fsvg%22%20width%3D%22150%22%20height%3D%22150%22%20viewBox%3D%220%200%20150%20150%22%3E%3C%2Fsvg%3E\" loading=\"eager\"><\/span><span class=\"fg-image-overlay\"><\/span><\/a><figcaption class=\"fg-caption\"><div class=\"fg-caption-inner\"><div class=\"fg-caption-title\">Wy\u015bcig<\/div><div class=\"fg-caption-desc\">Tour de Pologne w Toruniu, rok 2006.<\/div><\/div><\/figcaption><\/figure><div class=\"fg-loader\"><\/div><\/div><div class=\"fg-item fg-type-image fg-idle\"><figure class=\"fg-item-inner\"><a href=\"https:\/\/sztukaliczenia.net\/fotogaleria\/wp-content\/uploads\/2020\/12\/DSCF5505a.jpg\" data-caption-desc=\"Marysia na Tour de Pologne w Toruniu, rok 2006.\" data-caption-title=\"Wy\u015bcig\" data-attachment-id=\"2381\" data-type=\"image\" class=\"fg-thumb\"><span class=\"fg-image-wrap\"><img decoding=\"async\" alt=\"wyscig Tour de Pologne\" width=\"150\" height=\"150\" class=\"skip-lazy fg-image\" data-src-fg=\"https:\/\/sztukaliczenia.net\/fotogaleria\/wp-content\/uploads\/cache\/2020\/12\/DSCF5505a\/2663043915.jpg\" src=\"data:image\/svg+xml,%3Csvg%20xmlns%3D%22http%3A%2F%2Fwww.w3.org%2F2000%2Fsvg%22%20width%3D%22150%22%20height%3D%22150%22%20viewBox%3D%220%200%20150%20150%22%3E%3C%2Fsvg%3E\" loading=\"eager\"><\/span><span class=\"fg-image-overlay\"><\/span><\/a><figcaption class=\"fg-caption\"><div class=\"fg-caption-inner\"><div class=\"fg-caption-title\">Wy\u015bcig<\/div><div class=\"fg-caption-desc\">Marysia na Tour de Pologne w Toruniu, rok 2006.<\/div><\/div><\/figcaption><\/figure><div class=\"fg-loader\"><\/div><\/div><div class=\"fg-item fg-type-image fg-idle\"><figure class=\"fg-item-inner\"><a href=\"https:\/\/sztukaliczenia.net\/fotogaleria\/wp-content\/uploads\/2020\/12\/DSCF5522ak.jpg\" data-caption-desc=\"Tour de Pologne w Toruniu, rok 2006.\" data-caption-title=\"Wy\u015bcig\" data-attachment-id=\"2383\" data-type=\"image\" class=\"fg-thumb\"><span class=\"fg-image-wrap\"><img decoding=\"async\" alt=\"wyscig Tour de Pologne\" width=\"150\" height=\"150\" class=\"skip-lazy fg-image\" data-src-fg=\"https:\/\/sztukaliczenia.net\/fotogaleria\/wp-content\/uploads\/cache\/2020\/12\/DSCF5522ak\/3126089687.jpg\" src=\"data:image\/svg+xml,%3Csvg%20xmlns%3D%22http%3A%2F%2Fwww.w3.org%2F2000%2Fsvg%22%20width%3D%22150%22%20height%3D%22150%22%20viewBox%3D%220%200%20150%20150%22%3E%3C%2Fsvg%3E\" loading=\"eager\"><\/span><span class=\"fg-image-overlay\"><\/span><\/a><figcaption class=\"fg-caption\"><div class=\"fg-caption-inner\"><div class=\"fg-caption-title\">Wy\u015bcig<\/div><div class=\"fg-caption-desc\">Tour de Pologne w Toruniu, rok 2006.<\/div><\/div><\/figcaption><\/figure><div class=\"fg-loader\"><\/div><\/div><div class=\"fg-item fg-type-image fg-idle\"><figure class=\"fg-item-inner\"><a href=\"https:\/\/sztukaliczenia.net\/fotogaleria\/wp-content\/uploads\/2020\/12\/DSCF5523a.jpg\" data-caption-desc=\"Tour de Pologne w Toruniu, rok 2006.\" data-caption-title=\"Wy\u015bcig\" data-attachment-id=\"2384\" data-type=\"image\" class=\"fg-thumb\"><span class=\"fg-image-wrap\"><img decoding=\"async\" alt=\"wyscig Tour de Pologne\" width=\"150\" height=\"150\" class=\"skip-lazy fg-image\" data-src-fg=\"https:\/\/sztukaliczenia.net\/fotogaleria\/wp-content\/uploads\/cache\/2020\/12\/DSCF5523a\/870964453.jpg\" src=\"data:image\/svg+xml,%3Csvg%20xmlns%3D%22http%3A%2F%2Fwww.w3.org%2F2000%2Fsvg%22%20width%3D%22150%22%20height%3D%22150%22%20viewBox%3D%220%200%20150%20150%22%3E%3C%2Fsvg%3E\" loading=\"eager\"><\/span><span class=\"fg-image-overlay\"><\/span><\/a><figcaption class=\"fg-caption\"><div class=\"fg-caption-inner\"><div class=\"fg-caption-title\">Wy\u015bcig<\/div><div class=\"fg-caption-desc\">Tour de Pologne w Toruniu, rok 2006.<\/div><\/div><\/figcaption><\/figure><div class=\"fg-loader\"><\/div><\/div><div class=\"fg-item fg-type-image fg-idle\"><figure class=\"fg-item-inner\"><a href=\"https:\/\/sztukaliczenia.net\/fotogaleria\/wp-content\/uploads\/2020\/12\/DSCF5532a.jpg\" data-caption-desc=\"Tour de Pologne w Toruniu, rok 2006.\" data-caption-title=\"Wy\u015bcig\" data-attachment-id=\"2386\" data-type=\"image\" class=\"fg-thumb\"><span class=\"fg-image-wrap\"><img decoding=\"async\" alt=\"wyscig Tour de Pologne\" width=\"150\" height=\"150\" class=\"skip-lazy fg-image\" data-src-fg=\"https:\/\/sztukaliczenia.net\/fotogaleria\/wp-content\/uploads\/cache\/2020\/12\/DSCF5532a\/3623400663.jpg\" src=\"data:image\/svg+xml,%3Csvg%20xmlns%3D%22http%3A%2F%2Fwww.w3.org%2F2000%2Fsvg%22%20width%3D%22150%22%20height%3D%22150%22%20viewBox%3D%220%200%20150%20150%22%3E%3C%2Fsvg%3E\" loading=\"eager\"><\/span><span class=\"fg-image-overlay\"><\/span><\/a><figcaption class=\"fg-caption\"><div class=\"fg-caption-inner\"><div class=\"fg-caption-title\">Wy\u015bcig<\/div><div class=\"fg-caption-desc\">Tour de Pologne w Toruniu, rok 2006.<\/div><\/div><\/figcaption><\/figure><div class=\"fg-loader\"><\/div><\/div><div class=\"fg-item fg-type-image fg-idle\"><figure class=\"fg-item-inner\"><a href=\"https:\/\/sztukaliczenia.net\/fotogaleria\/wp-content\/uploads\/2020\/12\/DSCF5540a.jpg\" data-caption-desc=\"Tour de Pologne w Toruniu, rok 2006.\" data-caption-title=\"Wy\u015bcig\" data-attachment-id=\"2387\" data-type=\"image\" class=\"fg-thumb\"><span class=\"fg-image-wrap\"><img decoding=\"async\" alt=\"wyscig Tour de Pologne\" width=\"150\" height=\"150\" class=\"skip-lazy fg-image\" data-src-fg=\"https:\/\/sztukaliczenia.net\/fotogaleria\/wp-content\/uploads\/cache\/2020\/12\/DSCF5540a\/4164816815.jpg\" src=\"data:image\/svg+xml,%3Csvg%20xmlns%3D%22http%3A%2F%2Fwww.w3.org%2F2000%2Fsvg%22%20width%3D%22150%22%20height%3D%22150%22%20viewBox%3D%220%200%20150%20150%22%3E%3C%2Fsvg%3E\" loading=\"eager\"><\/span><span class=\"fg-image-overlay\"><\/span><\/a><figcaption class=\"fg-caption\"><div class=\"fg-caption-inner\"><div class=\"fg-caption-title\">Wy\u015bcig<\/div><div class=\"fg-caption-desc\">Tour de Pologne w Toruniu, rok 2006.<\/div><\/div><\/figcaption><\/figure><div class=\"fg-loader\"><\/div><\/div><div class=\"fg-item fg-type-image fg-idle\"><figure class=\"fg-item-inner\"><a href=\"https:\/\/sztukaliczenia.net\/fotogaleria\/wp-content\/uploads\/2020\/12\/07070071p.jpg\" data-caption-desc=\"Stajnia w Ciechocinku, rok 2002.\" data-caption-title=\"\u0179rebak\" data-attachment-id=\"2364\" data-type=\"image\" class=\"fg-thumb\"><span class=\"fg-image-wrap\"><img decoding=\"async\" alt=\"zrebak\" width=\"150\" height=\"150\" class=\"skip-lazy fg-image\" data-src-fg=\"https:\/\/sztukaliczenia.net\/fotogaleria\/wp-content\/uploads\/cache\/2020\/12\/07070071p\/1313275872.jpg\" src=\"data:image\/svg+xml,%3Csvg%20xmlns%3D%22http%3A%2F%2Fwww.w3.org%2F2000%2Fsvg%22%20width%3D%22150%22%20height%3D%22150%22%20viewBox%3D%220%200%20150%20150%22%3E%3C%2Fsvg%3E\" loading=\"eager\"><\/span><span class=\"fg-image-overlay\"><\/span><\/a><figcaption class=\"fg-caption\"><div class=\"fg-caption-inner\"><div class=\"fg-caption-title\">\u0179rebak<\/div><div class=\"fg-caption-desc\">Stajnia w Ciechocinku, rok 2002.<\/div><\/div><\/figcaption><\/figure><div class=\"fg-loader\"><\/div><\/div><\/div>\r\n\n","protected":false},"excerpt":{"rendered":"","protected":false},"author":1,"featured_media":0,"parent":0,"menu_order":0,"comment_status":"closed","ping_status":"closed","template":"","meta":{"footnotes":""},"class_list":["post-2237","page","type-page","status-publish"],"_links":{"self":[{"href":"https:\/\/sztukaliczenia.net\/fotogaleria\/wp-json\/wp\/v2\/pages\/2237","targetHints":{"allow":["GET"]}}],"collection":[{"href":"https:\/\/sztukaliczenia.net\/fotogaleria\/wp-json\/wp\/v2\/pages"}],"about":[{"href":"https:\/\/sztukaliczenia.net\/fotogaleria\/wp-json\/wp\/v2\/types\/page"}],"author":[{"embeddable":true,"href":"https:\/\/sztukaliczenia.net\/fotogaleria\/wp-json\/wp\/v2\/users\/1"}],"replies":[{"embeddable":true,"href":"https:\/\/sztukaliczenia.net\/fotogaleria\/wp-json\/wp\/v2\/comments?post=2237"}],"version-history":[{"count":2,"href":"https:\/\/sztukaliczenia.net\/fotogaleria\/wp-json\/wp\/v2\/pages\/2237\/revisions"}],"predecessor-version":[{"id":2264,"href":"https:\/\/sztukaliczenia.net\/fotogaleria\/wp-json\/wp\/v2\/pages\/2237\/revisions\/2264"}],"wp:attachment":[{"href":"https:\/\/sztukaliczenia.net\/fotogaleria\/wp-json\/wp\/v2\/media?parent=2237"}],"curies":[{"name":"wp","href":"https:\/\/api.w.org\/{rel}","templated":true}]}}